{"id":2349,"date":"2022-04-20T12:35:28","date_gmt":"2022-04-20T12:35:28","guid":{"rendered":"https:\/\/ilotmagog.com\/ecosysteme\/"},"modified":"2022-07-05T13:47:28","modified_gmt":"2022-07-05T17:47:28","slug":"ecosystem","status":"publish","type":"page","link":"https:\/\/ilotmagog.com\/en\/ecosystem\/","title":{"rendered":"Ecosystem"},"content":{"rendered":"<section id=\"block-626ff51622588\" class=\"block header-page header-page__color-content-box-dark-blue header-page__color-content-white\">\n\t<div class=\"header-page-inner\">\n\t\t\t\t\t<div class=\"background-image\">\n\t\t\t\t<div class=\"image image--fill \">\r\n\t\t\t\t<div class=\"frame\">\r\n\t\t\t\t\t<picture>\r\n\t\t\t\t\t\t<source srcset=\"https:\/\/ilotmagog.com\/wp-content\/uploads\/2022\/06\/une_terrasse.jpg\" type=\"image\/jpeg\"\/>\r\n\t\t\t\t\t\t<img decoding=\"async\" src=\"https:\/\/ilotmagog.com\/wp-content\/uploads\/2022\/06\/une_terrasse.jpg\" alt=\"\">\r\n\t\t\t\t\t<\/picture>\r\n\t\t\t\t<\/div>\r\n\t\t\t<\/div>\n\t\t\t<\/div>\n\t\t\t\t\t\t<div class=\"content-wrapper common-text\"><h1 class=\"cs-title-main\">Ecosystem<\/h1>\n<p>The Ilot innovation &#038; cies, nestled among Magog\u2019s most lovely attractions, offers renters an ideal work\/leisure balance. Whatever you\u2019re looking for, you are in the right place at the right time.<\/p>\n<\/div>\n\t<\/div>\n\t<div class=\"shape-wrapper\">\n\t\t\t\t\t<div \n\t\t\t\tclass=\"shape-wrapper-inner\"\n\t\t\t\tdata-scroll-animation=\"transform\"\n\t\t\t\tdata-scroll-animation-unit=\"%\"\n\t\t\t\tdata-scroll-animation-format=\"translateX(%v)\"\n\t\t\t\tdata-scroll-animation-min=\"0\"\n\t\t\t\tdata-scroll-animation-max=\"25\"\n\t\t\t\tdata-scroll-animation-target=\".shape-wrapper-inner2\"\n\t\t\t>\n\t\t\t\t<div class=\"shape-wrapper-inner2\"><svg xmlns=\"http:\/\/www.w3.org\/2000\/svg\" xmlns:xlink=\"http:\/\/www.w3.org\/1999\/xlink\" width=\"494.158\" height=\"488.356\" viewBox=\"0 0 494.158 488.356\">\n  <defs>\n    <clipPath id=\"clip-path\">\n      <path id=\"Path_3395\" data-name=\"Path 3395\" d=\"M0,260.576H494.158V-227.78H0Z\" transform=\"translate(0 227.78)\" fill=\"none\"\/>\n    <\/clipPath>\n  <\/defs>\n  <g id=\"Group_3858\" data-name=\"Group 3858\" transform=\"translate(0 227.78)\">\n    <g id=\"Group_3857\" data-name=\"Group 3857\" transform=\"translate(0 -227.78)\" clip-path=\"url(#clip-path)\">\n      <g id=\"Group_3856\" data-name=\"Group 3856\" transform=\"translate(15.008 15.007)\">\n        <path id=\"Path_3394\" data-name=\"Path 3394\" d=\"M123.828,0-108.243,458.334l464.142.006Z\" transform=\"translate(108.243)\" fill=\"none\" stroke=\"#917248\" stroke-linecap=\"round\" stroke-linejoin=\"round\" stroke-width=\"25\"\/>\n      <\/g>\n    <\/g>\n  <\/g>\n<\/svg>\n<\/div>\n\t\t\t<\/div>\n\t\t\t<\/div>\n<\/section>\n\n<section id=\"block-626ffa0a22589\" class=\"block content-text-image content-text-image__emplacement-right block__spacing-top-100 block__spacing-bottom-150\">\n\t<div class=\"container\">\n\t\t<div class=\"content-text-image-inner\">\n\t\t\t<div class=\"left-column\">\n\t\t\t\t\t\t\t\t<div class=\"image-wrapper__mobile\"><div class=\"image image--img \">\r\n\t\t\t\t<div class=\"frame\">\r\n\t\t\t\t\t<picture>\r\n\t\t\t\t\t\t<source srcset=\"https:\/\/ilotmagog.com\/wp-content\/uploads\/2022\/05\/ski.jpg\" type=\"image\/jpeg\"\/>\r\n\t\t\t\t\t\t<img decoding=\"async\" src=\"https:\/\/ilotmagog.com\/wp-content\/uploads\/2022\/05\/ski.jpg\" alt=\"\">\r\n\t\t\t\t\t<\/picture>\r\n\t\t\t\t<\/div>\r\n\t\t\t<\/div><\/div>\n\t\t\t\t<div class=\"title-wrapper\"><h2 class=\"cs-title-main\">Nearby<\/h2>\n<\/div>\n\t\t\t\t<div class=\"content-wrapper common-text\"><p>Take advantage of the region\u2019s unique and unrivaled geographical features. The Ilot innovation &#038; cies buildings give you access to numerous attractions just minutes away from the district.<\/p>\n<p>Skiing, snowboarding, biking, water sports and hiking enthusiasts are welcome to bring their gear to the office!<\/p>\n<ul>\n<li>Lake Memphremagog<\/li>\n<li>Mount Orford<\/li>\n<li>Extensive network of bicycle paths<\/li>\n<li>Merry Point<\/li>\n<li>Vineyards<\/li>\n<\/ul>\n<\/div>\n\t\t\t<\/div>\n\t\t\t<div class=\"right-column\">\n\t\t\t\t<div class=\"image-wrapper\"><div class=\"image image--img \">\r\n\t\t\t\t<div class=\"frame\">\r\n\t\t\t\t\t<picture>\r\n\t\t\t\t\t\t<source srcset=\"https:\/\/ilotmagog.com\/wp-content\/uploads\/2022\/05\/ski.jpg\" type=\"image\/jpeg\"\/>\r\n\t\t\t\t\t\t<img decoding=\"async\" src=\"https:\/\/ilotmagog.com\/wp-content\/uploads\/2022\/05\/ski.jpg\" alt=\"\">\r\n\t\t\t\t\t<\/picture>\r\n\t\t\t\t<\/div>\r\n\t\t\t<\/div><\/div>\n\t\t\t<\/div>\n\t\t<\/div>\n\t<\/div>\n<\/section>\n\n<section id=\"block-626ffd6d2258a\" class=\"block content-photo-parallax\">\n\t<div \n\t\tclass=\"image-wrapper\"\n\t\tdata-scroll-animation=\"transform\"\n\t\tdata-scroll-animation-unit=\"%\"\n\t\tdata-scroll-animation-format=\"translateX(%v)\"\n\t\tdata-scroll-animation-min=\"-8\"\n\t\tdata-scroll-animation-max=\"8\"\n\t\tdata-scroll-animation-target=\".image-animation\">\n\t\t\t<div class=\"image-animation\">\n\t\t\t\t<div class=\"image image--fill \">\r\n\t\t\t\t<div class=\"frame\">\r\n\t\t\t\t\t<picture>\r\n\t\t\t\t\t\t<source srcset=\"https:\/\/ilotmagog.com\/wp-content\/uploads\/2022\/07\/ville-magog.jpeg\" type=\"image\/jpeg\"\/>\r\n\t\t\t\t\t\t<img decoding=\"async\" src=\"https:\/\/ilotmagog.com\/wp-content\/uploads\/2022\/07\/ville-magog.jpeg\" alt=\"Vue a\u00e9rienne de la ville de Magog\">\r\n\t\t\t\t\t<\/picture>\r\n\t\t\t\t<\/div>\r\n\t\t\t<\/div>\n\t\t\t<\/div>\n\t<\/div>\n<\/section>\n\n<section id=\"block-626ffd962258b\" class=\"block content-simple block__spacing-top-150 block__spacing-bottom-150 content-simple__style-blue\">\n\t<div class=\"container\">\n\t\t<div class=\"content-simple-inner\">\n\t\t\t\t\t\t\t\t\t\t\t\t\t\t\t<h2 class=\"cs-title-main\">Location benefits<\/h2>\n<p class=\"cs-highlight\">Find everything you need without even having to leave the district, thanks to modern, sustainable, development-compliant, elegant and respectful buildings, a gym to help you stay in shape, restaurants and caterers for fantastic conference lunches and happy hours, a panoramic terrace that immerses you in nature without even having to change shoes, and nearby stores.\n<\/p>\n<p class=\"cs-highlight\">You\u2019re always in your element here.<\/p>\n\n\t\t\t\t\t\t\t\t\t\t\t\t\t\t\t\t<div class=\"pictos-wrapper\">\n\t\t\t\t\t\t\t\t\t\t\t\t\t<div class=\"picto-item\"><svg xmlns=\"http:\/\/www.w3.org\/2000\/svg\" width=\"77.9\" height=\"84.981\" viewBox=\"0 0 77.9 84.981\">\n  <path id=\"Icon_map-sailing\" data-name=\"Icon map-sailing\" d=\"M80.06,85.7a11.555,11.555,0,0,1-4.789-1.057,11.476,11.476,0,0,0-9.87,0,11.442,11.442,0,0,1-9.606,0,11.483,11.483,0,0,0-9.874,0,11.434,11.434,0,0,1-9.6,0,11.5,11.5,0,0,0-9.881,0,11.43,11.43,0,0,1-9.6,0,11.487,11.487,0,0,0-9.876,0A11.566,11.566,0,0,1,2.16,85.7V78.439a11.566,11.566,0,0,0,4.8-1.057,11.672,11.672,0,0,1,9.876,0,11.426,11.426,0,0,0,9.6,0,11.684,11.684,0,0,1,9.881,0,11.434,11.434,0,0,0,9.6,0,11.668,11.668,0,0,1,9.874,0,11.442,11.442,0,0,0,9.606,0,11.66,11.66,0,0,1,9.87,0,11.554,11.554,0,0,0,4.789,1.057V85.7ZM48.192.72V55.6H4.439Zm5.311,12.6c0,6.128,28.056,22.805,26.013,42.28H53.5V13.324ZM73.911,59.145H14.553V70.122c1.77.177,1.5.374,2.1.667a12.369,12.369,0,0,0,4.89,1.036,12.084,12.084,0,0,0,4.847-1.036,11.574,11.574,0,0,1,9.915,0,11.664,11.664,0,0,0,9.61,0,11.491,11.491,0,0,1,9.877,0,11.915,11.915,0,0,0,4.794,1.036,7.432,7.432,0,0,0,.949-.117l.08.039.581-.1c.388-.058.774-.1,1.163-.195A11.05,11.05,0,0,0,69.1,67.9l6.79-8.758Z\" transform=\"translate(-2.16 -0.72)\" fill=\"#b5bdcc\"\/>\n<\/svg>\n<\/div>\n\t\t\t\t\t\t\t\t\t\t\t\t\t<div class=\"picto-item\"><svg xmlns=\"http:\/\/www.w3.org\/2000\/svg\" width=\"107.081\" height=\"84.926\" viewBox=\"0 0 107.081 84.926\">\n  <path id=\"Icon_material-directions-bike\" data-name=\"Icon material-directions-bike\" d=\"M69.156,18.821c4.908,0,8.923-3.728,8.923-8.285S74.064,2.25,69.156,2.25s-8.923,3.728-8.923,8.285S64.248,18.821,69.156,18.821ZM22.309,45.749C9.816,45.749,0,54.863,0,66.462S9.816,87.176,22.309,87.176s22.309-9.114,22.309-20.714S34.8,45.749,22.309,45.749Zm0,35.213c-8.477,0-15.616-6.628-15.616-14.5s7.139-14.5,15.616-14.5,15.616,6.628,15.616,14.5S30.786,80.962,22.309,80.962ZM48.186,39.535l10.708-9.943,3.569,3.314a32.5,32.5,0,0,0,22.755,8.7V33.321a23.033,23.033,0,0,1-16.062-6.214l-8.477-7.871A11.447,11.447,0,0,0,53.54,16.75c-2.677,0-4.908.829-6.246,2.486L34.8,30.835a7.9,7.9,0,0,0-2.677,5.8,6.742,6.742,0,0,0,2.677,5.8l14.277,11.6V74.748H58V49.063l-9.816-9.528Zm36.586,6.214c-12.493,0-22.309,9.114-22.309,20.714S72.28,87.176,84.772,87.176s22.308-9.114,22.308-20.714S97.265,45.749,84.772,45.749Zm0,35.213c-8.477,0-15.616-6.628-15.616-14.5s7.139-14.5,15.616-14.5,15.616,6.628,15.616,14.5S93.25,80.962,84.772,80.962Z\" transform=\"translate(0 -2.25)\" fill=\"#b5bdcc\"\/>\n<\/svg>\n<\/div>\n\t\t\t\t\t\t\t\t\t\t\t\t\t<div class=\"picto-item\"><svg id=\"Icon_ionic-md-walk\" data-name=\"Icon ionic-md-walk\" xmlns=\"http:\/\/www.w3.org\/2000\/svg\" width=\"51.562\" height=\"84.926\" viewBox=\"0 0 51.562 84.926\">\n  <path id=\"Path_3275\" data-name=\"Path 3275\" d=\"M25.021,17.415a7.583,7.583,0,1,0-7.583-7.583A7.55,7.55,0,0,0,25.021,17.415Z\" transform=\"translate(6.827 -2.25)\" fill=\"#b5bdcc\"\/>\n  <path id=\"Path_3276\" data-name=\"Path 3276\" d=\"M40.285,31.514H60V23.931H46.351L37.858,10.788A6.87,6.87,0,0,0,31.994,7.35a9.594,9.594,0,0,0-2.426.331L8.438,14.832V36.063H16.02V20.9L23.7,17.865,8.438,78.526H16.02l10.748-31.14L36.3,60.328v18.2h7.2V54.262L32.7,36.063l3.743-11.727Z\" transform=\"translate(-8.438 6.4)\" fill=\"#b5bdcc\"\/>\n<\/svg>\n<\/div>\n\t\t\t\t\t\t\t\t\t\t\t\t\t<div class=\"picto-item\"><svg xmlns=\"http:\/\/www.w3.org\/2000\/svg\" width=\"73.48\" height=\"51.437\" viewBox=\"0 0 73.48 51.437\">\n  <path id=\"Icon_material-room-service\" data-name=\"Icon material-room-service\" d=\"M3,51.588H76.48v7.348H3ZM46.5,17.751a7.58,7.58,0,0,0,.588-2.9,7.348,7.348,0,1,0-14.7,0,7.58,7.58,0,0,0,.588,2.9A33.11,33.11,0,0,0,6.674,47.914H72.806A33.11,33.11,0,0,0,46.5,17.751Z\" transform=\"translate(-3 -7.5)\" fill=\"#b5bdcc\"\/>\n<\/svg>\n<\/div>\n\t\t\t\t\t\t\t\t\t\t\t\t\t<div class=\"picto-item\"><svg xmlns=\"http:\/\/www.w3.org\/2000\/svg\" width=\"63.658\" height=\"72.752\" viewBox=\"0 0 63.658 72.752\">\n  <path id=\"Icon_awesome-shopping-bag\" data-name=\"Icon awesome-shopping-bag\" d=\"M50.017,22.735V18.188a18.188,18.188,0,1,0-36.376,0v4.547H0V61.384A11.367,11.367,0,0,0,11.367,72.752H52.29A11.367,11.367,0,0,0,63.658,61.384V22.735ZM22.735,18.188a9.094,9.094,0,1,1,18.188,0v4.547H22.735ZM45.47,35.239a3.41,3.41,0,1,1,3.41-3.41A3.41,3.41,0,0,1,45.47,35.239Zm-27.282,0a3.41,3.41,0,1,1,3.41-3.41A3.41,3.41,0,0,1,18.188,35.239Z\" fill=\"#b5bdcc\"\/>\n<\/svg>\n<\/div>\n\t\t\t\t\t\t\t\t\t\t\t<\/div>\n\t\t\t\t\t\n\t\t\t\t\t\t\t\t\t<\/div>\n\t<\/div>\n<\/section>\n\n<section id=\"block-626ffe8c22593\" class=\"block content-text block__spacing-top-150 block__spacing-bottom-150 content-text__background-color-white content-text__text-color-gold\">\n\t<div class=\"container\">\n\t\t<div class=\"content-text-inner common-text\">\n\t\t\t<h2 class=\"cs-title-main\" style=\"text-align: center;\">Real estate<\/h2>\n\n\t\t<\/div>\n\t<\/div>\n<\/section>\n\n\n<section id=\"block-626ffeea22594\" class=\"block content-text-image content-text-image__emplacement-right block__spacing-top-0 block__spacing-bottom-100\">\n\t<div class=\"container\">\n\t\t<div class=\"content-text-image-inner\">\n\t\t\t<div class=\"left-column\">\n\t\t\t\t\t\t\t\t\t<div class=\"logo-wrapper\"><div class=\"image image--img \">\r\n\t\t\t\t<div class=\"frame\">\r\n\t\t\t\t\t<picture>\r\n\t\t\t\t\t\t<source srcset=\"https:\/\/ilotmagog.com\/wp-content\/uploads\/2022\/04\/ilot-tourigny.svg\" type=\"image\/svg\"\/>\r\n\t\t\t\t\t\t<img decoding=\"async\" src=\"https:\/\/ilotmagog.com\/wp-content\/uploads\/2022\/04\/ilot-tourigny.svg\" alt=\"\">\r\n\t\t\t\t\t<\/picture>\r\n\t\t\t\t<\/div>\r\n\t\t\t<\/div><\/div>\n\t\t\t\t\t\t\t\t<div class=\"image-wrapper__mobile\"><div class=\"image image--img \">\r\n\t\t\t\t<div class=\"frame\">\r\n\t\t\t\t\t<picture>\r\n\t\t\t\t\t\t<source srcset=\"https:\/\/ilotmagog.com\/wp-content\/uploads\/2022\/05\/ilot_tourigny-1.jpg\" type=\"image\/jpeg\"\/>\r\n\t\t\t\t\t\t<img decoding=\"async\" src=\"https:\/\/ilotmagog.com\/wp-content\/uploads\/2022\/05\/ilot_tourigny-1.jpg\" alt=\"\">\r\n\t\t\t\t\t<\/picture>\r\n\t\t\t\t<\/div>\r\n\t\t\t<\/div><\/div>\n\t\t\t\t<div class=\"title-wrapper\"><h2 class=\"cs-title-secondary\">Building features<\/h2>\n<\/div>\n\t\t\t\t<div class=\"content-wrapper common-text\"><p>The Ilot Tourigny is home to many <a href=\"https:\/\/ilotmagog.com\/en\/renters\/\">different types of businesses<\/a>. The huge brick and steel building sports an elevator, generous windows and excellent soundproofing. It contains both large commercial spaces and small offices. On the ground floor, restaurants and catering services help fuel everyone\u2019s creativity. Not to mention the gymnasium and rooftop terrace! The heating system is fully automated.<\/p>\n<p><a class=\"button\" href=\"https:\/\/ilotmagog.com\/en\/available-spaces\/?space_name=ilot-tourigny-en\">See available spaces<\/a><\/p>\n<\/div>\n\t\t\t<\/div>\n\t\t\t<div class=\"right-column\">\n\t\t\t\t<div class=\"image-wrapper\"><div class=\"image image--img \">\r\n\t\t\t\t<div class=\"frame\">\r\n\t\t\t\t\t<picture>\r\n\t\t\t\t\t\t<source srcset=\"https:\/\/ilotmagog.com\/wp-content\/uploads\/2022\/05\/ilot_tourigny-1.jpg\" type=\"image\/jpeg\"\/>\r\n\t\t\t\t\t\t<img decoding=\"async\" src=\"https:\/\/ilotmagog.com\/wp-content\/uploads\/2022\/05\/ilot_tourigny-1.jpg\" alt=\"\">\r\n\t\t\t\t\t<\/picture>\r\n\t\t\t\t<\/div>\r\n\t\t\t<\/div><\/div>\n\t\t\t<\/div>\n\t\t<\/div>\n\t<\/div>\n<\/section>\n\n<section id=\"block-626fff6722595\" class=\"block content-text-image content-text-image__emplacement-left block__spacing-top-100 block__spacing-bottom-150\">\n\t<div class=\"container\">\n\t\t<div class=\"content-text-image-inner\">\n\t\t\t<div class=\"left-column\">\n\t\t\t\t\t\t\t\t\t<div class=\"logo-wrapper\"><div class=\"image image--img \">\r\n\t\t\t\t<div class=\"frame\">\r\n\t\t\t\t\t<picture>\r\n\t\t\t\t\t\t<source srcset=\"https:\/\/ilotmagog.com\/wp-content\/uploads\/2022\/04\/ilot-du-quai.svg\" type=\"image\/svg\"\/>\r\n\t\t\t\t\t\t<img decoding=\"async\" src=\"https:\/\/ilotmagog.com\/wp-content\/uploads\/2022\/04\/ilot-du-quai.svg\" alt=\"\">\r\n\t\t\t\t\t<\/picture>\r\n\t\t\t\t<\/div>\r\n\t\t\t<\/div><\/div>\n\t\t\t\t\t\t\t\t<div class=\"image-wrapper__mobile\"><div class=\"image image--img \">\r\n\t\t\t\t<div class=\"frame\">\r\n\t\t\t\t\t<picture>\r\n\t\t\t\t\t\t<source srcset=\"https:\/\/ilotmagog.com\/wp-content\/uploads\/2022\/05\/ilot_quai.jpg\" type=\"image\/jpeg\"\/>\r\n\t\t\t\t\t\t<img decoding=\"async\" src=\"https:\/\/ilotmagog.com\/wp-content\/uploads\/2022\/05\/ilot_quai.jpg\" alt=\"\">\r\n\t\t\t\t\t<\/picture>\r\n\t\t\t\t<\/div>\r\n\t\t\t<\/div><\/div>\n\t\t\t\t<div class=\"title-wrapper\"><h2 class=\"cs-title-secondary\">Building features<\/h2>\n<\/div>\n\t\t\t\t<div class=\"content-wrapper common-text\"><p>The Ilot du Quai is a hub of forward-thinking innovators including Concept Naval, C\u00f4t\u00e9-Jean et Associ\u00e9s and ALBERT groupe conseils. Everyone who coexists in this wood and concrete-structured building enjoys spacious premises permeated by lovely natural sunlight. Features include optimal soundproofing, a large parking lot, automated heating, and an air-conditioned server room.<\/p>\n<p><a class=\"button\" href=\"https:\/\/ilotmagog.com\/en\/renters\/\">Learn more<\/a><\/p>\n<\/div>\n\t\t\t<\/div>\n\t\t\t<div class=\"right-column\">\n\t\t\t\t<div class=\"image-wrapper\"><div class=\"image image--img \">\r\n\t\t\t\t<div class=\"frame\">\r\n\t\t\t\t\t<picture>\r\n\t\t\t\t\t\t<source srcset=\"https:\/\/ilotmagog.com\/wp-content\/uploads\/2022\/05\/ilot_quai.jpg\" type=\"image\/jpeg\"\/>\r\n\t\t\t\t\t\t<img decoding=\"async\" src=\"https:\/\/ilotmagog.com\/wp-content\/uploads\/2022\/05\/ilot_quai.jpg\" alt=\"\">\r\n\t\t\t\t\t<\/picture>\r\n\t\t\t\t<\/div>\r\n\t\t\t<\/div><\/div>\n\t\t\t<\/div>\n\t\t<\/div>\n\t<\/div>\n<\/section>\n\n<section id=\"block-62700f5322596\" class=\"block content-text-image content-text-image__emplacement-right block__spacing-top-100 block__spacing-bottom-150\">\n\t<div class=\"container\">\n\t\t<div class=\"content-text-image-inner\">\n\t\t\t<div class=\"left-column\">\n\t\t\t\t\t\t\t\t\t<div class=\"logo-wrapper\"><div class=\"image image--img \">\r\n\t\t\t\t<div class=\"frame\">\r\n\t\t\t\t\t<picture>\r\n\t\t\t\t\t\t<source srcset=\"https:\/\/ilotmagog.com\/wp-content\/uploads\/2022\/04\/logo_ralph_locatif.svg\" type=\"image\/svg\"\/>\r\n\t\t\t\t\t\t<img decoding=\"async\" src=\"https:\/\/ilotmagog.com\/wp-content\/uploads\/2022\/04\/logo_ralph_locatif.svg\" alt=\"\">\r\n\t\t\t\t\t<\/picture>\r\n\t\t\t\t<\/div>\r\n\t\t\t<\/div><\/div>\n\t\t\t\t\t\t\t\t<div class=\"image-wrapper__mobile\"><div class=\"image image--img \">\r\n\t\t\t\t<div class=\"frame\">\r\n\t\t\t\t\t<picture>\r\n\t\t\t\t\t\t<source srcset=\"https:\/\/ilotmagog.com\/wp-content\/uploads\/2022\/05\/ralph.jpg\" type=\"image\/jpeg\"\/>\r\n\t\t\t\t\t\t<img decoding=\"async\" src=\"https:\/\/ilotmagog.com\/wp-content\/uploads\/2022\/05\/ralph.jpg\" alt=\"Mosa\u00efque photo d'une perspective ext\u00e9rieure du projet Ralph condos avec un rendu int\u00e9rieur d'un des condos\">\r\n\t\t\t\t\t<\/picture>\r\n\t\t\t\t<\/div>\r\n\t\t\t<\/div><\/div>\n\t\t\t\t<div class=\"title-wrapper\"><h2 class=\"cs-title-secondary\">Building features<\/h2>\n<\/div>\n\t\t\t\t<div class=\"content-wrapper common-text\"><p>This mixed-use building offers residential spaces on the upper floors and commercial spaces on the ground floor. The project is intended to meet LEED certification, which is fundamental to the eco-friendly urban planning approach adopted in the building\u2019s design. The construction will sport large windows, indoor parking for cars and bikes, and green roofs to reduce heat islands.<\/p>\n<p>For complete details on the residential spaces, visit the <a href=\"https:\/\/ralphcondos.com\/\">Ralph Espace Condos<\/a> website.<\/p>\n<\/div>\n\t\t\t<\/div>\n\t\t\t<div class=\"right-column\">\n\t\t\t\t<div class=\"image-wrapper\"><div class=\"image image--img \">\r\n\t\t\t\t<div class=\"frame\">\r\n\t\t\t\t\t<picture>\r\n\t\t\t\t\t\t<source srcset=\"https:\/\/ilotmagog.com\/wp-content\/uploads\/2022\/05\/ralph.jpg\" type=\"image\/jpeg\"\/>\r\n\t\t\t\t\t\t<img decoding=\"async\" src=\"https:\/\/ilotmagog.com\/wp-content\/uploads\/2022\/05\/ralph.jpg\" alt=\"Mosa\u00efque photo d'une perspective ext\u00e9rieure du projet Ralph condos avec un rendu int\u00e9rieur d'un des condos\">\r\n\t\t\t\t\t<\/picture>\r\n\t\t\t\t<\/div>\r\n\t\t\t<\/div><\/div>\n\t\t\t<\/div>\n\t\t<\/div>\n\t<\/div>\n<\/section>\n\n<section id=\"block-62700fd222597\" class=\"block google-map\">\n    <script src=\"https:\/\/maps.googleapis.com\/maps\/api\/js?key=AIzaSyBbWW2jSBtHkNAad-7XZXo3KeQy-dBJi1Q&#038;language=en\"><\/script>\n\t<div class=\"google-map-wrapper\" data-zoom=\"17\">\n        <div class=\"full-map\">\n                            <div class=\"marker\" data-lat=\"45.26717754008339\" data-lng=\"-72.1572197010872\" data-marker-color=\"blue\"><p>790 Principale St. W<br \/>\nMagog, Quebec J1X 2B3<\/p>\n<\/div>\n                            <div class=\"marker\" data-lat=\"45.26767792126554\" data-lng=\"-72.15698534821895\" data-marker-color=\"grey\"><p>817 Principale St. W<br \/>\nMagog, Quebec J1X 2B4<\/p>\n<\/div>\n                            <div class=\"marker\" data-lat=\"45.26688004177408\" data-lng=\"-72.15678634173587\" data-marker-color=\"gold\"><p>Address to come<\/p>\n<\/div>\n                    <\/div>\n    <\/div>\n<\/section>\n\n<section id=\"block-62701028cfbd1\" class=\"block content-text block__spacing-top-150 block__spacing-bottom-150 content-text__background-color-blue content-text__text-color-white\">\n\t<div class=\"container\">\n\t\t<div class=\"content-text-inner common-text\">\n\t\t\t<h2 class=\"cs-title-main\" style=\"text-align: center;\">Have questions?<\/h2>\n<p style=\"text-align: center;\">Inspired by the Ilot innovation &#038; cies lifestyle? Come thrive with us and enrich our innovative ecosystem. Contact us and redefine your horizons.\n<\/p>\n<p style=\"text-align: center;\">A hub of expertise. The power of proximity.\n<\/p>\n<p>&nbsp;<\/p>\n<p style=\"text-align: center;\"><a class=\"button button__dark\" href=\"https:\/\/ilotmagog.com\/en\/contact-us\/\">Contact us<\/a><\/p>\n\n\t\t<\/div>\n\t<\/div>\n<\/section>\n","protected":false},"excerpt":{"rendered":"","protected":false},"author":3,"featured_media":2324,"parent":0,"menu_order":0,"comment_status":"closed","ping_status":"closed","template":"","meta":{"_acf_changed":false,"_seopress_robots_primary_cat":"","_seopress_titles_title":"ilot innovation &amp; cies - Ecosystem","_seopress_titles_desc":"Discover the unique Ilot innovation &amp; cies ecosystem in downtown Magog! Commercial spaces for rent\u2014enjoy a perfect blend of nature and modern design.","_seopress_robots_index":"","inline_featured_image":false,"footnotes":""},"class_list":["post-2349","page","type-page","status-publish","has-post-thumbnail","hentry"],"acf":[],"_links":{"self":[{"href":"https:\/\/ilotmagog.com\/en\/wp-json\/wp\/v2\/pages\/2349","targetHints":{"allow":["GET"]}}],"collection":[{"href":"https:\/\/ilotmagog.com\/en\/wp-json\/wp\/v2\/pages"}],"about":[{"href":"https:\/\/ilotmagog.com\/en\/wp-json\/wp\/v2\/types\/page"}],"author":[{"embeddable":true,"href":"https:\/\/ilotmagog.com\/en\/wp-json\/wp\/v2\/users\/3"}],"replies":[{"embeddable":true,"href":"https:\/\/ilotmagog.com\/en\/wp-json\/wp\/v2\/comments?post=2349"}],"version-history":[{"count":20,"href":"https:\/\/ilotmagog.com\/en\/wp-json\/wp\/v2\/pages\/2349\/revisions"}],"predecessor-version":[{"id":2637,"href":"https:\/\/ilotmagog.com\/en\/wp-json\/wp\/v2\/pages\/2349\/revisions\/2637"}],"wp:featuredmedia":[{"embeddable":true,"href":"https:\/\/ilotmagog.com\/en\/wp-json\/wp\/v2\/media\/2324"}],"wp:attachment":[{"href":"https:\/\/ilotmagog.com\/en\/wp-json\/wp\/v2\/media?parent=2349"}],"curies":[{"name":"wp","href":"https:\/\/api.w.org\/{rel}","templated":true}]}}