{"id":2342,"date":"2022-02-22T16:24:28","date_gmt":"2022-02-22T16:24:28","guid":{"rendered":"https:\/\/ilotmagog.com\/accueil\/"},"modified":"2024-04-19T08:49:21","modified_gmt":"2024-04-19T12:49:21","slug":"accueil","status":"publish","type":"page","link":"https:\/\/ilotmagog.com\/en\/","title":{"rendered":"Home"},"content":{"rendered":"<section id=\"block-6622684e8e5cd\" class=\"block header-page header-page__color-content-box-white header-page__color-content-black\">\n\t<div class=\"header-page-inner\">\n\t\t\t\t\t\t\t<div class=\"video\">\r\n\t\t\t\t<video class=\"background\" autoplay playsinline muted loop preload=\"auto\">\r\n\t\t\t\t\t<source src=\"https:\/\/ilot-magog.s3.ca-central-1.amazonaws.com\/landing_page.mp4\" type=\"video\/mp4\">\r\n\t\t\t\t<\/video>\r\n\t\t\t<\/div>\n\t\t\t\t<div class=\"content-wrapper common-text\"><h1 class=\"cs-title-main\">Get a change of scenery. Redefine your surroundings.<\/h1>\n<p><a class=\"circle-link\" href=\"https:\/\/ilotmagog.com\/en\/available-spaces\/\"><span>See available spaces<\/span><\/a><\/p>\n<\/div>\n\t<\/div>\n\t<div class=\"shape-wrapper\">\n\t\t\t<\/div>\n<\/section>\n\n<section id=\"block-6622684e8e60f\" class=\"block content-simple block__spacing-top-150 block__spacing-bottom-150 content-simple__style-shape\">\n\t<div class=\"container\">\n\t\t<div class=\"content-simple-inner\">\n\t\t\t\t\t\t\t<div \n\t\t\t\t\tclass=\"shape-wrapper shape-wrapper__circle\"\n\t\t\t\t\tdata-scroll-animation=\"transform\"\n\t\t\t\t\tdata-scroll-animation-unit=\"%\"\n\t\t\t\t\tdata-scroll-animation-format=\"translateY(%v)\"\n\t\t\t\t\tdata-scroll-animation-min=\"50\"\n\t\t\t\t\tdata-scroll-animation-max=\"-50\"\n\t\t\t\t\tdata-scroll-animation-target=\".shape-wrapper-inner\"\n\t\t\t\t\t>\n\t\t\t\t\t<div class=\"shape-wrapper-inner\"><svg xmlns=\"http:\/\/www.w3.org\/2000\/svg\" xmlns:xlink=\"http:\/\/www.w3.org\/1999\/xlink\" width=\"455.294\" height=\"455.29\" viewBox=\"0 0 455.294 455.29\">\n  <defs>\n    <clipPath id=\"clip-path\">\n      <path id=\"Path_3393\" data-name=\"Path 3393\" d=\"M0,226.86H455.294V-228.43H0Z\" transform=\"translate(0 228.43)\" fill=\"none\"\/>\n    <\/clipPath>\n  <\/defs>\n  <g id=\"Group_4133\" data-name=\"Group 4133\" transform=\"translate(0 228.43)\">\n    <g id=\"Group_3854\" data-name=\"Group 3854\" transform=\"translate(0 -228.43)\" clip-path=\"url(#clip-path)\">\n      <g id=\"Group_3853\" data-name=\"Group 3853\" transform=\"translate(13.952 13.952)\">\n        <path id=\"Path_3392\" data-name=\"Path 3392\" d=\"M106.479,212.956c118.021,0,213.7-95.674,213.7-213.693S224.5-214.43,106.479-214.43s-213.7,95.674-213.7,213.693S-11.542,212.956,106.479,212.956Z\" transform=\"translate(107.216 214.43)\" fill=\"none\" stroke=\"#917248\" stroke-linecap=\"round\" stroke-linejoin=\"round\" stroke-width=\"25\"\/>\n      <\/g>\n    <\/g>\n  <\/g>\n<\/svg>\n<\/div>\n\t\t\t\t<\/div>\n\t\t\t\t<div\n\t\t\t\t\tclass=\"shape-wrapper shape-wrapper__square\"\n\t\t\t\t\tdata-scroll-animation=\"transform\"\n\t\t\t\t\tdata-scroll-animation-unit=\"%\"\n\t\t\t\t\tdata-scroll-animation-format=\"translateY(%v)\"\n\t\t\t\t\tdata-scroll-animation-min=\"-50\"\n\t\t\t\t\tdata-scroll-animation-max=\"50\"\n\t\t\t\t\tdata-scroll-animation-target=\".shape-wrapper-inner\"\n\t\t\t\t\t>\n\t\t\t\t\t<div class=\"shape-wrapper-inner\"><svg xmlns=\"http:\/\/www.w3.org\/2000\/svg\" width=\"403\" height=\"403\" viewBox=\"0 0 403 403\">\n  <g id=\"Rectangle_2372\" data-name=\"Rectangle 2372\" fill=\"none\" stroke=\"#917248\" stroke-linejoin=\"round\" stroke-width=\"25\">\n    <rect width=\"403\" height=\"403\" stroke=\"none\"\/>\n    <rect x=\"12.5\" y=\"12.5\" width=\"378\" height=\"378\" fill=\"none\"\/>\n  <\/g>\n<\/svg>\n<\/div>\n\t\t\t\t<\/div>\n\t\t\t\t\t\t\t\t\t\t\t\t\t\t\t<h2 class=\"cs-title-main\">Our spaces for rent<\/h2>\n<p class=\"cs-highlight\">Is your business looking for office space? Would you like to provide satellite offices for your employees in the Eastern Townships? Ilot innovation &amp; cies offers several types of spaces for rent. Whether you\u2019d like to offer a terrace with a view, conference rooms, a shared workspace, or even a brick-and-mortar location in our district, we\u2019re sure to have a solution that checks off all the boxes.<\/p>\n\n\t\t\t\t\t\t\t\t\t<\/div>\n\t<\/div>\n<\/section>\n\n\t<section id=\"block-6622684e8e623\" class=\"block presentation-rental-spaces block__spacing-top-100 block__spacing-bottom-100\">\n\t\t<div class=\"container\">\n\t\t\t<div class=\"presentation-rental-spaces-inner\">\n\t\t\t\t\t\t\t\t\t<div class=\"block card-rental-space\">\n\t\t<div class=\"top\">\n\t\t\t<h2 class=\"cs-title-secondary\">Bureaux priv\u00e9s<\/h2>\n\t\t\t\t\t\t\t<div class=\"superficie-wrapper\"><p>1\u00a0000 \u00e0 5\u00a0500 pi<sup>2<\/sup><\/p>\n<\/div>\n\t\t\t\t\t<\/div>\n\t\t<div class=\"bottom\">\n\t\t\t<div class=\"image-wrapper\">\n\t\t\t\t<div class=\"image image--fill \">\r\n\t\t\t\t<div class=\"frame\">\r\n\t\t\t\t\t<picture>\r\n\t\t\t\t\t\t<source srcset=\"https:\/\/ilotmagog.com\/wp-content\/uploads\/2022\/05\/suite_privee.jpg\" type=\"image\/jpeg\"\/>\r\n\t\t\t\t\t\t<img decoding=\"async\" src=\"https:\/\/ilotmagog.com\/wp-content\/uploads\/2022\/05\/suite_privee.jpg\" alt=\"\">\r\n\t\t\t\t\t<\/picture>\r\n\t\t\t\t<\/div>\r\n\t\t\t<\/div>\n\t\t\t<\/div>\n\t\t\t\t\t\t\t<a class=\"button\" href=\"https:\/\/ilotmagog.com\/en\/available-spaces\/?space_type=bureaux-prives\">See available spaces<\/a>\n\t\t\t\t\t<\/div>\n<\/div>\n\t\t\t\t\t\t\t\t\t<div class=\"block card-rental-space\">\n\t\t<div class=\"top\">\n\t\t\t<h2 class=\"cs-title-secondary\">Bureaux dans le centre d&#8217;affaires<\/h2>\n\t\t\t\t\t\t\t<div class=\"superficie-wrapper\"><p>200 pi<sup>2<\/sup> et moins<\/p>\n<\/div>\n\t\t\t\t\t<\/div>\n\t\t<div class=\"bottom\">\n\t\t\t<div class=\"image-wrapper\">\n\t\t\t\t<div class=\"image image--fill \">\r\n\t\t\t\t<div class=\"frame\">\r\n\t\t\t\t\t<picture>\r\n\t\t\t\t\t\t<source srcset=\"https:\/\/ilotmagog.com\/wp-content\/uploads\/2022\/05\/centre_affaires.jpg\" type=\"image\/jpeg\"\/>\r\n\t\t\t\t\t\t<img decoding=\"async\" src=\"https:\/\/ilotmagog.com\/wp-content\/uploads\/2022\/05\/centre_affaires.jpg\" alt=\"\">\r\n\t\t\t\t\t<\/picture>\r\n\t\t\t\t<\/div>\r\n\t\t\t<\/div>\n\t\t\t<\/div>\n\t\t\t\t\t\t\t<a class=\"button\" href=\"https:\/\/ilotmagog.com\/en\/available-spaces\/?space_type=centre-daffaires\">See available spaces<\/a>\n\t\t\t\t\t<\/div>\n<\/div>\n\t\t\t\t\t\t\t\t\t<div class=\"block card-rental-space\">\n\t\t<div class=\"top\">\n\t\t\t<h2 class=\"cs-title-secondary\">Locaux commerciaux<\/h2>\n\t\t\t\t\t<\/div>\n\t\t<div class=\"bottom\">\n\t\t\t<div class=\"image-wrapper\">\n\t\t\t\t<div class=\"image image--fill \">\r\n\t\t\t\t<div class=\"frame\">\r\n\t\t\t\t\t<picture>\r\n\t\t\t\t\t\t<source srcset=\"https:\/\/ilotmagog.com\/wp-content\/uploads\/2022\/05\/espace_commercial.jpg\" type=\"image\/jpeg\"\/>\r\n\t\t\t\t\t\t<img decoding=\"async\" src=\"https:\/\/ilotmagog.com\/wp-content\/uploads\/2022\/05\/espace_commercial.jpg\" alt=\"\">\r\n\t\t\t\t\t<\/picture>\r\n\t\t\t\t<\/div>\r\n\t\t\t<\/div>\n\t\t\t<\/div>\n\t\t\t\t\t\t\t<a class=\"button\" href=\"https:\/\/ilotmagog.com\/en\/available-spaces\/?space_type=locaux-commerciaux\">See available spaces<\/a>\n\t\t\t\t\t<\/div>\n<\/div>\n\t\t\t\t\t\t\t<\/div>\n\t\t<\/div>\n\t<\/section>\n\n\n<section id=\"block-6622684e905c7\" class=\"block content-text-image content-text-image__emplacement-right block__spacing-top-100 block__spacing-bottom-150\">\n\t<div class=\"container\">\n\t\t<div class=\"content-text-image-inner\">\n\t\t\t<div class=\"left-column\">\n\t\t\t\t\t\t\t\t\t<div class=\"logo-wrapper\"><div class=\"image image--img \">\r\n\t\t\t\t<div class=\"frame\">\r\n\t\t\t\t\t<picture>\r\n\t\t\t\t\t\t<source srcset=\"https:\/\/ilotmagog.com\/wp-content\/uploads\/2024\/04\/logo_ralph_locatif.svg\" type=\"image\/svg\"\/>\r\n\t\t\t\t\t\t<img decoding=\"async\" src=\"https:\/\/ilotmagog.com\/wp-content\/uploads\/2024\/04\/logo_ralph_locatif.svg\" alt=\"Logo Ralph - condos locatifs\">\r\n\t\t\t\t\t<\/picture>\r\n\t\t\t\t<\/div>\r\n\t\t\t<\/div><\/div>\n\t\t\t\t\t\t\t\t<div class=\"image-wrapper__mobile\"><div class=\"image image--img \">\r\n\t\t\t\t<div class=\"frame\">\r\n\t\t\t\t\t<picture>\r\n\t\t\t\t\t\t<source srcset=\"https:\/\/ilotmagog.com\/wp-content\/uploads\/2022\/05\/ralph.jpg\" type=\"image\/jpeg\"\/>\r\n\t\t\t\t\t\t<img decoding=\"async\" src=\"https:\/\/ilotmagog.com\/wp-content\/uploads\/2022\/05\/ralph.jpg\" alt=\"Mosa\u00efque photo d'une perspective ext\u00e9rieure du projet Ralph condos avec un rendu int\u00e9rieur d'un des condos\">\r\n\t\t\t\t\t<\/picture>\r\n\t\t\t\t<\/div>\r\n\t\t\t<\/div><\/div>\n\t\t\t\t<div class=\"title-wrapper\"><h2 class=\"cs-title-secondary\">Condo project<br \/>\nUnits for rent<\/h2>\n<\/div>\n\t\t\t\t<div class=\"content-wrapper common-text\"><p>Would you like to live in an energy-efficient apartment in a vibrant area with a view of Merry Point and Lake Memphremagog? Le Ralph \u2013 condos locatifs, coming soon to the innovation district, lets you live in harmony with nature within a flourishing and welcoming environment. The mixed-use and eco-friendly building will include commercial spaces on the ground floor to round out the local offer.<\/p>\n<p>Map out your future in an exciting, innovative living environment. Choose your condo right now!<\/p>\n<p><a class=\"button\" href=\"https:\/\/ralphcondos.com\" target=\"_blank\" rel=\"noopener\">Find out more about the project<\/a><\/p>\n<\/div>\n\t\t\t<\/div>\n\t\t\t<div class=\"right-column\">\n\t\t\t\t<div class=\"image-wrapper\"><div class=\"image image--img \">\r\n\t\t\t\t<div class=\"frame\">\r\n\t\t\t\t\t<picture>\r\n\t\t\t\t\t\t<source srcset=\"https:\/\/ilotmagog.com\/wp-content\/uploads\/2022\/05\/ralph.jpg\" type=\"image\/jpeg\"\/>\r\n\t\t\t\t\t\t<img decoding=\"async\" src=\"https:\/\/ilotmagog.com\/wp-content\/uploads\/2022\/05\/ralph.jpg\" alt=\"Mosa\u00efque photo d'une perspective ext\u00e9rieure du projet Ralph condos avec un rendu int\u00e9rieur d'un des condos\">\r\n\t\t\t\t\t<\/picture>\r\n\t\t\t\t<\/div>\r\n\t\t\t<\/div><\/div>\n\t\t\t<\/div>\n\t\t<\/div>\n\t<\/div>\n<\/section>\n\n<section id=\"block-6622684e905df\" class=\"block content-photo-parallax\">\n\t<div \n\t\tclass=\"image-wrapper\"\n\t\tdata-scroll-animation=\"transform\"\n\t\tdata-scroll-animation-unit=\"%\"\n\t\tdata-scroll-animation-format=\"translateX(%v)\"\n\t\tdata-scroll-animation-min=\"-8\"\n\t\tdata-scroll-animation-max=\"8\"\n\t\tdata-scroll-animation-target=\".image-animation\">\n\t\t\t<div class=\"image-animation\">\n\t\t\t\t<div class=\"image image--fill \">\r\n\t\t\t\t<div class=\"frame\">\r\n\t\t\t\t\t<picture>\r\n\t\t\t\t\t\t<source srcset=\"https:\/\/ilotmagog.com\/wp-content\/uploads\/2022\/07\/au_coeur_du_quartier.jpeg\" type=\"image\/jpeg\"\/>\r\n\t\t\t\t\t\t<img decoding=\"async\" src=\"https:\/\/ilotmagog.com\/wp-content\/uploads\/2022\/07\/au_coeur_du_quartier.jpeg\" alt=\"Personnes autour d'une table de r\u00e9union dans un bureau vitr\u00e9\">\r\n\t\t\t\t\t<\/picture>\r\n\t\t\t\t<\/div>\r\n\t\t\t<\/div>\n\t\t\t<\/div>\n\t<\/div>\n<\/section>\n\n<section id=\"block-6622684e905f7\" class=\"block content-simple block__spacing-top-150 block__spacing-bottom-150 content-simple__style-blue\">\n\t<div class=\"container\">\n\t\t<div class=\"content-simple-inner\">\n\t\t\t\t\t\t\t\t\t\t\t\t\t\t\t<h2 class=\"cs-title-main\">In the heart<br \/>\nof the innovation district<\/h2>\n<p>The Ilot innovation &#038; cies, located at the core of downtown Magog, welcomes dynamic, burgeoning and innovative companies of all stripes. An attractive hub for talent and change, the innovation district seeks to meet high standards of energy efficiency as well as sustainable development.<\/p>\n<p>The Ilot innovation &#038; cies brings together the best of nature and modern design to create an effective ecosystem featuring professional opportunity, recreation and outstanding quality of life. People looking to redefine their lifestyle will be thrilled by Mount Orford, Lake Memphremagog, the Route verte and the area\u2019s numerous tourist activities.<\/p>\n<p><a class=\"button\" href=\"https:\/\/ilotmagog.com\/en\/ecosystem\/\">Visit the ecosystem<\/a><\/p>\n\n\t\t\t\t\t\t\t\t\t<\/div>\n\t<\/div>\n<\/section>\n\n<section id=\"block-6622684e9060f\" class=\"block content-text block__spacing-top-150 block__spacing-bottom-150 content-text__background-color-blue content-text__text-color-white\">\n\t<div class=\"container\">\n\t\t<div class=\"content-text-inner common-text\">\n\t\t\t<h2 class=\"cs-title-main\" style=\"text-align: center;\">Have questions?<\/h2>\n<p style=\"text-align: center;\">Inspired by the Ilot innovation &amp; cies lifestyle? Come thrive with us and enrich our innovative ecosystem.\n<\/p>\n<p style=\"text-align: center;\">A hub of expertise. The power of proximity.\n<\/p>\n<p>&nbsp;<\/p>\n<p style=\"text-align: center;\"><a class=\"button button__dark\" href=\"https:\/\/ilotmagog.com\/en\/contact-us\/\">Contact us<\/a><\/p>\n\n\t\t<\/div>\n\t<\/div>\n<\/section>\n","protected":false},"excerpt":{"rendered":"","protected":false},"author":3,"featured_media":2323,"parent":0,"menu_order":0,"comment_status":"closed","ping_status":"closed","template":"","meta":{"_acf_changed":false,"_seopress_robots_primary_cat":"","_seopress_titles_title":"Ilot innovation & cies - Home - Explore new horizons","_seopress_titles_desc":"Are you looking for a space for rent in Magog in a setting that will enhance your offerings and your quality of life? Contact Ilot innovation & cies.","_seopress_robots_index":"","inline_featured_image":false,"footnotes":""},"class_list":["post-2342","page","type-page","status-publish","has-post-thumbnail","hentry"],"acf":[],"_links":{"self":[{"href":"https:\/\/ilotmagog.com\/en\/wp-json\/wp\/v2\/pages\/2342","targetHints":{"allow":["GET"]}}],"collection":[{"href":"https:\/\/ilotmagog.com\/en\/wp-json\/wp\/v2\/pages"}],"about":[{"href":"https:\/\/ilotmagog.com\/en\/wp-json\/wp\/v2\/types\/page"}],"author":[{"embeddable":true,"href":"https:\/\/ilotmagog.com\/en\/wp-json\/wp\/v2\/users\/3"}],"replies":[{"embeddable":true,"href":"https:\/\/ilotmagog.com\/en\/wp-json\/wp\/v2\/comments?post=2342"}],"version-history":[{"count":20,"href":"https:\/\/ilotmagog.com\/en\/wp-json\/wp\/v2\/pages\/2342\/revisions"}],"predecessor-version":[{"id":6251,"href":"https:\/\/ilotmagog.com\/en\/wp-json\/wp\/v2\/pages\/2342\/revisions\/6251"}],"wp:featuredmedia":[{"embeddable":true,"href":"https:\/\/ilotmagog.com\/en\/wp-json\/wp\/v2\/media\/2323"}],"wp:attachment":[{"href":"https:\/\/ilotmagog.com\/en\/wp-json\/wp\/v2\/media?parent=2342"}],"curies":[{"name":"wp","href":"https:\/\/api.w.org\/{rel}","templated":true}]}}